{"id":36,"date":"2014-07-20T18:41:05","date_gmt":"2014-07-20T18:41:05","guid":{"rendered":"http:\/\/gnomedesmots.wordpress.com\/?page_id=36"},"modified":"2014-07-20T18:41:05","modified_gmt":"2014-07-20T18:41:05","slug":"etre-maman-dune-ado-une-danse-a-trois-temps-et-a-quatre-mains-preface","status":"publish","type":"page","link":"https:\/\/www.gnomedesmots.com\/index.php\/etre-maman-dune-ado-une-danse-a-trois-temps-et-a-quatre-mains-preface\/","title":{"rendered":"\u00catre maman d&rsquo;une ado : une danse \u00e0 trois temps et \u00e0 quatre mains &#8211; pr\u00e9face"},"content":{"rendered":"<p>\u00catre maman d&rsquo;une ado\u00a0: une danse \u00e0 trois temps\u00a0et\u00a0\u00e0 quatre mains<\/p>\n<p><a href=\"https:\/\/gnomedesmots.files.wordpress.com\/2014\/07\/img_20000101_010635.jpg\"><img loading=\"lazy\" class=\"alignnone size-thumbnail wp-image-38\" src=\"http:\/\/gnomedesmots.files.wordpress.com\/2014\/07\/img_20000101_010635.jpg?w=150\" alt=\"IMG_20000101_010635\" width=\"150\" height=\"84\" \/><\/a> <a href=\"https:\/\/gnomedesmots.files.wordpress.com\/2014\/07\/img_20000101_010734.jpg\"><img loading=\"lazy\" class=\"alignnone size-thumbnail wp-image-39\" src=\"http:\/\/gnomedesmots.files.wordpress.com\/2014\/07\/img_20000101_010734.jpg?w=150\" alt=\"IMG_20000101_010734\" width=\"150\" height=\"84\" \/><\/a> <a href=\"https:\/\/gnomedesmots.files.wordpress.com\/2014\/07\/slamcoeur.jpg\"><img loading=\"lazy\" class=\"alignnone size-thumbnail wp-image-40\" src=\"http:\/\/gnomedesmots.files.wordpress.com\/2014\/07\/slamcoeur.jpg?w=150\" alt=\"SLAMCOEUR\" width=\"150\" height=\"96\" srcset=\"https:\/\/www.gnomedesmots.com\/wp-content\/uploads\/2014\/07\/slamcoeur.jpg 561w, https:\/\/www.gnomedesmots.com\/wp-content\/uploads\/2014\/07\/slamcoeur-300x193.jpg 300w\" sizes=\"(max-width: 150px) 100vw, 150px\" \/><\/a> <a href=\"https:\/\/gnomedesmots.files.wordpress.com\/2014\/07\/slametoile.jpg\"><img loading=\"lazy\" class=\"alignnone size-thumbnail wp-image-41\" src=\"http:\/\/gnomedesmots.files.wordpress.com\/2014\/07\/slametoile.jpg?w=150\" alt=\"SLAMETOILE\" width=\"150\" height=\"76\" srcset=\"https:\/\/www.gnomedesmots.com\/wp-content\/uploads\/2014\/07\/slametoile.jpg 544w, https:\/\/www.gnomedesmots.com\/wp-content\/uploads\/2014\/07\/slametoile-300x153.jpg 300w\" sizes=\"(max-width: 150px) 100vw, 150px\" \/><\/a> <div id='contact-form-36'>\n<form action='https:\/\/www.gnomedesmots.com\/index.php\/etre-maman-dune-ado-une-danse-a-trois-temps-et-a-quatre-mains-preface\/#contact-form-36' method='post' class='contact-form commentsblock'>\n\n<div class='grunion-field-wrap grunion-field-name-wrap'  >\n<label\n\t\t\t\tfor='g36-nom'\n\t\t\t\tclass='grunion-field-label name'\n\t\t\t\t>Nom<span>(obligatoire)<\/span><\/label>\n<input\n\t\t\t\t\ttype='text'\n\t\t\t\t\tname='g36-nom'\n\t\t\t\t\tid='g36-nom'\n\t\t\t\t\tvalue=''\n\t\t\t\t\tclass='name' \n\t\t\t\t\trequired aria-required='true'\n\t\t\t\t\/>\n\t<\/div>\n\n<div class='grunion-field-wrap grunion-field-email-wrap'  >\n<label\n\t\t\t\tfor='g36-email'\n\t\t\t\tclass='grunion-field-label email'\n\t\t\t\t>Email<span>(obligatoire)<\/span><\/label>\n<input\n\t\t\t\t\ttype='email'\n\t\t\t\t\tname='g36-email'\n\t\t\t\t\tid='g36-email'\n\t\t\t\t\tvalue=''\n\t\t\t\t\tclass='email' \n\t\t\t\t\trequired aria-required='true'\n\t\t\t\t\/>\n\t<\/div>\n\n<div class='grunion-field-wrap grunion-field-url-wrap'  >\n<label\n\t\t\t\tfor='g36-siteweb'\n\t\t\t\tclass='grunion-field-label url'\n\t\t\t\t>Site Web<\/label>\n<input\n\t\t\t\t\ttype='url'\n\t\t\t\t\tname='g36-siteweb'\n\t\t\t\t\tid='g36-siteweb'\n\t\t\t\t\tvalue=''\n\t\t\t\t\tclass='url' \n\t\t\t\t\t\n\t\t\t\t\/>\n\t<\/div>\n\n<div class='grunion-field-wrap grunion-field-textarea-wrap'  >\n<label\n\t\t\t\tfor='contact-form-comment-g36-commentaire'\n\t\t\t\tclass='grunion-field-label textarea'\n\t\t\t\t>Commentaire<span>(obligatoire)<\/span><\/label>\n<textarea\n\t\t                name='g36-commentaire'\n\t\t                id='contact-form-comment-g36-commentaire'\n\t\t                rows='20' class='textarea'  required aria-required='true'><\/textarea>\n\t<\/div>\n\t<p class='contact-submit'>\n\t\t<button type='submit' class='pushbutton-wide'>Envoyer<\/button>\t\t<input type='hidden' name='contact-form-id' value='36' \/>\n\t\t<input type='hidden' name='action' value='grunion-contact-form' \/>\n\t\t<input type='hidden' name='contact-form-hash' value='1326bd88b2c889ff26cba2bef98b109c132952d7' \/>\n\t<\/p>\n<\/form>\n<\/div><\/p>\n<p>Au d\u00e9but, il y a l&rsquo;attente, c&rsquo;est le temps un, celui<\/p>\n<p>o\u00f9 tout est \u00e0 venir ou rien n\u2019est encore jou\u00e9.<\/p>\n<p>\u00catre fertile, avoir un b\u00e9b\u00e9, concevoir, avec qui,<\/p>\n<p>Comment, pourquoi,&#8230;<\/p>\n<p>Tomber enceinte ou plut\u00f4t, basculer dans la maternit\u00e9. Que la chute vertigineuse commence\u00a0!<\/p>\n<p>Tu attends un peu et c&rsquo;est soudain du pass\u00e9 : il est l\u00e0 le b\u00e9b\u00e9.<\/p>\n<p>&nbsp;<\/p>\n<p>Et voici venu le temps deux : tu cours, tu cavales<\/p>\n<p>avec comme seul but le bien-\u00eatre de ton enfant.<\/p>\n<p>Tout file\u00a0!<\/p>\n<p>Ces nuits sans dormir, ces plannings de fous,\u2026<\/p>\n<p>Te coupant en quatre pour \u00eatre \u00e0 l&rsquo;heure aux rendez-<\/p>\n<p>vous curatifs, \u00e9ducatifs, festifs,&#8230;<\/p>\n<p>Sans parler des concours \u00e0 la performance entre amis <em>\u00ab\u00a0Ah la mienne lit d\u00e9j\u00e0,&#8230;<\/em>\u00a0\u00bb, \u00ab\u00a0<em>Et le tien, il fait quoi\u00a0?<\/em>\u00a0\u00bb, <em>\u00ab\u00a0J\u2019ai offert le maxipowerlecteur mp6 pour qu&rsquo;il <\/em><\/p>\n<p><em>apprenne \u00e0 grandir plus vite que les autres<\/em>\u00a0\u00bb, \u00ab\u00a0<em>Je l\u2019ai d\u00e9j\u00e0 inscrit \u00e0 l\u2019acad\u00e9mie<\/em> <em>de musique\u00a0<\/em>\u00bb alors que les<\/p>\n<p>enfants n\u2019ont que trois ans,\u2026<\/p>\n<p>Tu tournes la t\u00eate et d&rsquo;un coup, elle sort de la voiture un sac \u00e0 la main et part seule en camp ou pour un voyage<\/p>\n<p>scolaire.<\/p>\n<p>La gorge nou\u00e9e, tu agites la main en \u00e9vitant de lui<\/p>\n<p>coller la honte en pleurnichant.<\/p>\n<p>Ces \u00e9tapes nous pincent le c\u0153ur sur le moment,<\/p>\n<p>pourtant on s&rsquo;en souvient tous.<\/p>\n<p>Inoubliables,&#8230;<\/p>\n<p>&nbsp;<\/p>\n<p>La \u00ab\u00a0pr\u00e9-ado\u00a0\u00bb d\u00e9barque et remue les rep\u00e8res familiaux. Elle apporte avec elle les \u00ab\u00a0Roooh \u00e7a va, je-sais-euuh\u00a0\u00bb et l\u2019aptitude incroyable de mettre la charrue avant les<\/p>\n<p>b\u0153ufs.<\/p>\n<p>C&rsquo;est l&rsquo;ind\u00e9pendance avant l&rsquo;autonomie!<\/p>\n<p>&nbsp;<\/p>\n<p>La chambre y passe aussi: byebye Minnie, Mickey et autres Pixar anim\u00e9s, hello Monster high et One<\/p>\n<p>Direction.<\/p>\n<p>&nbsp;<\/p>\n<p>&nbsp;<\/p>\n<p>Le vocabulaire change, il faut \u00eatre \u00ab\u00a0in\u00a0\u00bb\u00a0: \u00ab\u00a0<em>Avec<\/em><\/p>\n<p><em>mon surv\u00eat&rsquo; Abercrombie, je joue \u00e0 la console qui <\/em><\/p>\n<p><em>d\u00e9chire avec mes potes.<\/em>\u00bb. Tout est TROP ou MEGA.<\/p>\n<p>Vive les soir\u00e9es pyjamas et les sms multismileyJLJ.<\/p>\n<p>&nbsp;<\/p>\n<p>Alors que tu te\u00a0 remets \u00e0 peine de la perte financi\u00e8re<\/p>\n<p>caus\u00e9e par l&rsquo;achat d&rsquo;une tablette, d\u2019un \u00e9cran plat et tout autre \u00ab\u00a0tactile\u00a0\u00bb \u00e0 la mode, ta fille revient \u00e0 la maison,<\/p>\n<p>l&rsquo;air maussade\u00a0: \u00ab <em>Les fringues, elles viennent d&rsquo;o\u00f9?&#8230; <\/em><\/p>\n<p><em>Du carrefour?! <\/em><\/p>\n<p><em>Mais t&rsquo;es malade! <\/em><\/p>\n<p><em>Pfffff quelle nase cette fille,\u2026 <\/em><\/p>\n<p><em>Et l\u2018autre avec ses baskets pourries, trop la honte, jte<\/em><\/p>\n<p><em>\u00a0jure\u00a0!\u00bb. <\/em><\/p>\n<p>\u00d4 joies de la cour de r\u00e9cr\u00e9.<\/p>\n<p>Ni vu ni connu, le temps trois s\u2019est install\u00e9: la crise!<\/p>\n<p>&nbsp;<\/p>\n<p>Tu t&rsquo;interroges alors si les mots \u00ab\u00a0<em>crise<\/em>\u00a0\u00bb et<\/p>\n<p>\u00ab\u00a0<em>adolescence<\/em>\u00a0\u00bb seraient devenus indissociables \u00e0<\/p>\n<p>ton insu,&#8230;<\/p>\n<p>\u00ab\u00a0<em>C\u2019est quoi cette \u00e9cole?\u00a0\u00bb<\/em><em>, \u00ab\u00a0C\u2019est quoi ces parents? <\/em><\/p>\n<p><em>Jamais dispos, t\u2019\u00e9coutent jamais et comprennent rien.\u00a0\u00bb, \u00ab\u00a0Ces fr\u00e8res \u00e0 la noix et le fils du nouveau beau-p\u00e8re, <\/em><\/p>\n<p><em>qu\u2019il ne m&rsquo;approche pas ce boutonneux de quatorze <\/em><\/p>\n<p><em>ans ou je mords.\u00bb. <\/em><\/p>\n<p><em>\u00ab\u00a0C\u2019est quoi ces douleurs physiques et morales, ces larmes, ces cris?\u00a0\u00bb<\/em><\/p>\n<p><em>\u00a0<\/em><\/p>\n<p>Bing! Bang! Tu viens de heurter quelque chose\u00a0: ton\u00a0\u00a0\u00a0\u00a0 ado\u00a0! L&rsquo;heure des comptes a sonn\u00e9!<\/p>\n<p><em>\u00a0<\/em><\/p>\n<p>Entre guerre et paix, accrochages et rabibochages.<\/p>\n<p>Ton ado tentera toujours de se faire une place.<\/p>\n<p>Sa place.<\/p>\n<p>Tentant de d\u00e9passer les limites \u00e0 chaque seconde.<\/p>\n<p>D\u00e8s que tu rel\u00e2ches la pression, d\u00e8s que tu t\u2019\u00e9cartes d\u2019<\/p>\n<p>elle, elle sera la reine pour se faire remarquer.<\/p>\n<p>Quand l\u2019agressivit\u00e9 et l\u2019incompr\u00e9hension<\/p>\n<p>s\u2019installent au quotidien et que ton ado se<\/p>\n<p>transforme en quelqu\u2019un que tu ne connais pas<\/p>\n<p>encore, il faut apprendre \u00e0 jongler et fixer les<\/p>\n<p>r\u00e8gles clairement.<\/p>\n<p>&nbsp;<\/p>\n<p>Quant \u00e0 toi, que fais-tu avec les projets d&rsquo;avenir<\/p>\n<p>pr\u00e9m\u00e2ch\u00e9s pour ton \u00ab\u00a0tout petit\u00a0\u00bb devenu grand qui,<\/p>\n<p>lui, pleure au pr\u00e9sent?<\/p>\n<p>Toi qui n&rsquo;as toujours que deux mains pour g\u00e9rer<\/p>\n<p>tout \u00e7a?!<\/p>\n<p>Tu dis stop!<\/p>\n<p>&nbsp;<\/p>\n<p>Tu demandes de l&rsquo;aide et tu vas chercher d&rsquo;autres<\/p>\n<p>mains\u00a0: deux autres mains qui ont \u00e9crit un joli conte<\/p>\n<p>th\u00e9rapeutique pour ton ado,&#8230; Qui t&rsquo;ouvrent des portes<\/p>\n<p>et qui te permettent de t&rsquo;asseoir un instant avec une<\/p>\n<p>\u00ab\u00a0rebelle\u00a0\u00bb pour lui dire \u00a0\u00bb il \u00e9taitune fois,&#8230;\u00a0\u00bb<\/p>\n<p>&nbsp;<\/p>\n<p>\u00ab\u00a0Maman\u00a0\u00bb<\/p>\n<p>\u00ab\u00a0Quoi?\u00a0\u00bb<\/p>\n<p>\u00ab\u00a0Lis encore\u00a0!\u00a0\u00bb<\/p>\n<p>&nbsp;<\/p>\n<p>\u00ab\u00a0<em>Merci \u00e0 toi, f\u00e9e \u00e0 deux mains, d\u2019avoir fait de moi une maman \u00e0 quatre mains et de mon ado, une<\/em><\/p>\n<p><em>adulte de demain.\u00a0\u00bb <\/em><\/p>\n<p><em>\u00a0\u00a0\u00a0\u00a0\u00a0\u00a0\u00a0\u00a0\u00a0\u00a0\u00a0\u00a0\u00a0\u00a0\u00a0\u00a0 Florence Delbauve<\/em><\/p>\n<p>&nbsp;<\/p>\n<p>SLAM conte th\u00e9rapeutique pour adolescent\/es \u00a0&#8211; en vente sur lulu.com &#8211; bient\u00f4t disponible sur amazon.fr<\/p>\n<p><em>Cr\u00e9\u00e9 par Melle S\u00e9raphine<\/em><\/p>\n<p><a href=\"http:\/\/www.melleseraphine.net\/\">www.melleseraphine.net<\/a><\/p>\n<p><em><a href=\"https:\/\/gnomedesmots.files.wordpress.com\/2014\/07\/slam.png\"><img loading=\"lazy\" class=\"alignnone size-thumbnail wp-image-37\" src=\"http:\/\/gnomedesmots.files.wordpress.com\/2014\/07\/slam.png?w=150\" alt=\"slam\" width=\"150\" height=\"103\" srcset=\"https:\/\/www.gnomedesmots.com\/wp-content\/uploads\/2014\/07\/slam.png 1092w, https:\/\/www.gnomedesmots.com\/wp-content\/uploads\/2014\/07\/slam-600x413.png 600w, https:\/\/www.gnomedesmots.com\/wp-content\/uploads\/2014\/07\/slam-300x207.png 300w, https:\/\/www.gnomedesmots.com\/wp-content\/uploads\/2014\/07\/slam-1024x705.png 1024w, https:\/\/www.gnomedesmots.com\/wp-content\/uploads\/2014\/07\/slam-768x529.png 768w\" sizes=\"(max-width: 150px) 100vw, 150px\" \/><\/a>Couverture &#8211; gagnante du concours photo\u00a0: Corinne Vialette (VCD)<\/em><\/p>\n<p><em>Tous droits r\u00e9serv\u00e9s\u00a9<\/em><\/p>\n","protected":false},"excerpt":{"rendered":"<p>\u00catre maman d&rsquo;une ado\u00a0: une danse \u00e0 trois temps\u00a0et\u00a0\u00e0 quatre mains Au d\u00e9but, il y a l&rsquo;attente, c&rsquo;est le temps un, celui o\u00f9 tout est \u00e0 venir ou rien n\u2019est encore jou\u00e9. \u00catre fertile, avoir un b\u00e9b\u00e9, concevoir, avec qui,&#8230; <a class=\"more-link\" href=\"https:\/\/www.gnomedesmots.com\/index.php\/etre-maman-dune-ado-une-danse-a-trois-temps-et-a-quatre-mains-preface\/\">Continue Reading &rarr;<\/a><\/p>\n","protected":false},"author":1,"featured_media":3,"parent":0,"menu_order":0,"comment_status":"open","ping_status":"open","template":"","meta":{"spay_email":""},"_links":{"self":[{"href":"https:\/\/www.gnomedesmots.com\/index.php\/wp-json\/wp\/v2\/pages\/36"}],"collection":[{"href":"https:\/\/www.gnomedesmots.com\/index.php\/wp-json\/wp\/v2\/pages"}],"about":[{"href":"https:\/\/www.gnomedesmots.com\/index.php\/wp-json\/wp\/v2\/types\/page"}],"author":[{"embeddable":true,"href":"https:\/\/www.gnomedesmots.com\/index.php\/wp-json\/wp\/v2\/users\/1"}],"replies":[{"embeddable":true,"href":"https:\/\/www.gnomedesmots.com\/index.php\/wp-json\/wp\/v2\/comments?post=36"}],"version-history":[{"count":0,"href":"https:\/\/www.gnomedesmots.com\/index.php\/wp-json\/wp\/v2\/pages\/36\/revisions"}],"wp:featuredmedia":[{"embeddable":true,"href":"https:\/\/www.gnomedesmots.com\/index.php\/wp-json\/wp\/v2\/media\/3"}],"wp:attachment":[{"href":"https:\/\/www.gnomedesmots.com\/index.php\/wp-json\/wp\/v2\/media?parent=36"}],"curies":[{"name":"wp","href":"https:\/\/api.w.org\/{rel}","templated":true}]}}