{"id":43,"date":"2014-07-20T19:00:57","date_gmt":"2014-07-20T19:00:57","guid":{"rendered":"http:\/\/gnomedesmots.wordpress.com\/?page_id=43"},"modified":"2014-07-20T19:00:57","modified_gmt":"2014-07-20T19:00:57","slug":"ca-sert-a-quoi-les-contes","status":"publish","type":"page","link":"https:\/\/www.gnomedesmots.com\/","title":{"rendered":"\u00c7a sert \u00e0 quoi, les sophro-contes?"},"content":{"rendered":"<div class=\"ecxsingle-entry-content\"><\/div>\n<div class=\"ecxsingle-entry-content\">\n<p>Bonjour \u00e0 vous,<\/p>\n<p>&nbsp;<\/p>\n<p>Votre enfant a peur du dentiste, il se sent mal \u00e0 l\u2019id\u00e9e de changer d\u2019\u00e9cole, manque de confiance en lui ou encore se pense priv\u00e9 d\u2019amour \u00e0 l\u2019arriv\u00e9e d\u2019une petite s\u0153ur?<\/p>\n<p>Vous avez envie de l\u2019aider de mani\u00e8re efficace et bienveillante?<\/p>\n<p>Gr\u00e2ce aux sophro-contes en format livre, offrez des moments de qualit\u00e9 \u00e0 vos enfants!<\/p>\n<p>\u00ab\u00a0Avec les sophro-contes, le sophrologue est dans le sac!\u00a0\u00bb<\/p>\n<p><img loading=\"lazy\" class=\"alignnone size-full wp-image-348\" src=\"https:\/\/gnomedesmots.files.wordpress.com\/2015\/09\/le-sophrologue-est-dans-le-sac.jpg\" alt=\"le sophrologue est dans le sac\" width=\"750\" height=\"532\" \/><\/p>\n<p style=\"text-align:center;\">\u00a0***<\/p>\n<p>Les contes th\u00e9rapeutiques (ou sophro-contes) sont des outils \u00e0 utiliser au quotidien. <strong>P\u00e9dagogique ou th\u00e9rapeutique<\/strong>, ils offrent des moments de qualit\u00e9 aux grandes personnes et aux enfants dans le but de les aider \u00e0 d\u00e9velopper leur cr\u00e9ativit\u00e9, mais aussi \u00e0 grandir sereinement.<br \/>\nPensez-y !<\/p>\n<p>Initialement pr\u00e9vus pour am\u00e9liorer les relations <strong>\u00ab\u00a0parents-enfants\u00a0\u00bb<\/strong> en renouant avec le rite de l&rsquo;histoire du soir, ces contes sont devenus de vrais outils p\u00e9dagogiques: utilisez dans certains \u00e9tablissements scolaires, ils servent de soutien aux enseignants et permettent alors une ouverture de dialogue souvent rompue.<\/p>\n<h4><span style=\"color:#777777;font-family:inherit;\">Ils peuvent \u00e9galement faire toute la diff\u00e9rence en devenant \u00ab\u00a0l&rsquo;aide\u00a0<\/span><span style=\"color:#777777;font-family:'Droid Sans', arial, sans-serif;\">incontournable<\/span><span style=\"color:#777777;font-family:inherit;\">\u00a0\u00bb de toutes les baby-sitters, gardiennes, conteuses, ou autres professionnels de l&rsquo;enfance.\u00a0Un des services \u00ab\u00a0incontournables\u00a0\u00bb de Melle S\u00e9raphine\u00ae est de vous fournir\u00a0LE support \u00e9crit dont vous avez besoin pour \u00ab\u00a0s\u2019aider soi-m\u00eame\u00a0\u00bb.<\/span><\/h4>\n<p><span style=\"color:#777777;font-family:inherit;\">Confieriez-vous plus facilement votre enfant \u00e0 quelqu&rsquo;un qui partage vos convictions en mati\u00e8re d&rsquo;\u00e9ducation? Donneriez-vous de pr\u00e9f\u00e9rence votre enfant en surveillance \u00e0 quelqu&rsquo;un qui passe du temps \u00e0 jouer, \u00e0 lire, \u00e0 colorier ?<\/span><\/p>\n<p>Au niveau du contenu, les petits personnages sont bien r\u00e9els et subissent les d\u00e9sagr\u00e9ments de leur vie quotidien.\u00a0Ces contes offrent la possibilit\u00e9 aux parents d\u2019accompagner leur enfant\u00a0\u00e0 bien grandir. J\u2019entends par l\u00e0, <strong>grandir sereinement<\/strong>, sans avoir peur du dialogue, sans garder pour eux leurs probl\u00e8mes.<\/p>\n<p>Dans chaque conte, l&rsquo;enfant (peu importe son \u00e2ge) s&rsquo;identifiera \u00e0 l&rsquo;un ou l&rsquo;autre personnage au travers duquel il pourra se laisser aller \u00e0 trouver des solutions et croire aux possibles.<\/p>\n<p>&nbsp;<\/p>\n<p>Il est tr\u00e8s difficile de vous faire parvenir des morceaux de contes pour que vous puissiez appr\u00e9cier le style puisque, une fois d\u00e9cousue, la trame n\u2019a plus de sens. Le style n\u2019est pas important dans ce type d\u2019exercices, mais la trame bien.<\/p>\n<p><a href=\"http:\/\/madmagz.com\/fr\/magazine\/343696\" target=\"_blank\" rel=\"noopener noreferrer\">http:\/\/madmagz.com\/fr\/magazine\/343696<\/a>\u00a0: Ce lien renvoie vers un guide que j\u2019ai mis au point pour vous aider \u00e0 choisir les contes.<\/p>\n<p>Si vous le souhaitez, vous pouvez consulter le blog des contes th\u00e9rapeutiques :<\/p>\n<p>gnomedesmots.wordpress.com<\/p>\n<p>J\u2019organise un rendez-vous mensuel \u00ab\u00a0rencontre autour des contes\u00a0\u00bb afin d\u2019en faire la promotion et donner des explications sur l\u2019utilisation des contes au quotidien.<\/p>\n<p>Aimez la page Facebook (\u00a0<a href=\"https:\/\/www.facebook.com\/pages\/Contes-th%C3%A9rapeutiques-pour-enfants-et-ados-livres\/596144910467197\" target=\"_blank\" rel=\"noopener noreferrer\">https:\/\/www.facebook.com\/pages\/Contes-th%C3%A9rapeutiques-pour-enfants-et-ados-livres\/596144910467197<\/a>\u00a0)<\/p>\n<p>Bonus!<\/p>\n<p>Voici le webinaire reprenant les explications des contes d\u00e9j\u00e0 parus:\u00a0<a href=\"https:\/\/www.youtube.com\/watch?v=jQeU1p81cas\" target=\"_blank\" rel=\"noopener noreferrer\">https:\/\/www.youtube.com\/watch?v=jQeU1p81cas<\/a><\/p>\n<p>Je reste \u00e0 votre enti\u00e8re disposition par email : mademoiselleseraphine@live.be<\/p>\n<\/div>\n<div><\/div>\n<p><span style=\"color:#00b050;font-family:'Franklin Gothic Medium';\">Lise Larbalestrier<br \/>\nMelle S\u00e9raphine\u00a9<\/span><br \/>\n<span style=\"color:#00b050;font-family:'Franklin Gothic Medium';\">Coaching &#8211; Ayurv\u00e9da &#8211; sophrologie et r\u00e9flexologies<\/span><br \/>\n<span style=\"color:#00b050;font-family:'Franklin Gothic Medium';\">NOUVEAU : reiki Usui &amp; Karuna Ki<\/span><\/p>\n<div><span style=\"color:#00b050;font-family:'Franklin Gothic Medium';\"><span class=\"ecxsquiggly\" title=\"Pour consulter les suggestions orthographiques, cliquez sur ce mot\"><span style=\"color:#00b050;font-family:'Franklin Gothic Medium';\"><a href=\"http:\/\/www.melleseraphine.net\/\" target=\"_blank\" rel=\"noopener noreferrer\">www.melleseraphine.net<\/a><\/span><\/span><\/span><br \/>\n<span style=\"color:#00b050;font-family:'Franklin Gothic Medium';\">0479\/982.759<\/span><br \/>\n<span style=\"color:#00b050;font-family:'Franklin Gothic Medium';\">&#8212;&#8212;&#8212;&#8212;&#8212;&#8212;&#8212;&#8212;&#8212;&#8212;&#8212;&#8212;&#8212;&#8212;&#8212;&#8212;&#8212;&#8212;&#8212;&#8212;&#8212;&#8212;&#8212;&#8212;&#8212;&#8212;&#8212;&#8212;&#8212;&#8212;&#8212;&#8212;&#8212;&#8212;&#8212;&#8212;&#8212;&#8212;&#8212;&#8212;&#8212;&#8212;&#8212;&#8212;&#8212;&#8212;&#8212;&#8212;&#8212;&#8212;&#8212;&#8212;&#8212;&#8212;&#8212;&#8212;&#8212;&#8212;&#8212;&#8212;&#8212;&#8212;&#8212;&#8212;&#8212;&#8212;&#8212;&#8212;&#8212;&#8212;&#8212;&#8212;&#8212;&#8212;&#8212;&#8212;&#8212;&#8212;&#8211;<\/span><br \/>\n<span style=\"color:#00b050;font-family:'Franklin Gothic Medium';\">D\u00e9couvrez \u00a0La Pause zen\u00a9 (<span class=\"ecxsquiggly\" title=\"Pour consulter les suggestions orthographiques, cliquez sur ce mot\">ebook<\/span> gratuit &#8211; d\u00e9veloppement personnel et m\u00e9decines douces) : <a href=\"http:\/\/melleseraphine.wix.com\/la-pause-zen\" target=\"_blank\" rel=\"noopener noreferrer\">http:\/\/melleseraphine.wix.com\/la-pause-zen<\/a><\/span><br \/>\n&#8212;&#8212;&#8212;&#8212;&#8212;&#8212;&#8212;&#8212;&#8212;&#8212;&#8212;&#8212;&#8212;&#8212;&#8212;&#8212;&#8212;&#8212;&#8212;&#8212;&#8212;&#8212;&#8212;&#8212;&#8212;&#8212;&#8212;&#8212;&#8212;&#8212;&#8212;&#8212;&#8212;&#8212;&#8212;&#8212;&#8212;&#8212;&#8212;&#8212;&#8212;&#8212;&#8212;&#8212;&#8212;&#8212;&#8212;&#8212;&#8212;&#8212;&#8212;&#8212;&#8212;&#8212;&#8212;&#8212;&#8212;&#8212;&#8212;&#8212;&#8212;&#8212;&#8212;&#8211;<\/p>\n<div>Abonnez-vous \u00e0 la newsletter ! <a class=\"\" href=\"http:\/\/ma.blogs.dh\/\" target=\"\" rel=\"noopener noreferrer\">http:\/\/ma.blogs.dh<\/a>net.be et recevez les infos du cabinet Melle S\u00e9raphine\u00a9 directement dans votre boite email.<\/div>\n<div>D\u00e9couvrez ma chaine<\/div>\n<div><\/div>\n<\/div>\n<p>Faites-passer si vous trouvez \u00e7a int\u00e9ressant &lt;3&lt;3&lt;3<br \/>\nMille mercis ^^<\/p>\n<p>&nbsp;<\/p>\n<p>En cr\u00e9ant les sophro-contes, c\u2019est aux enfants que je m\u2019adresse.<\/p>\n<p>Mais pas uniquement : \u00e0 leurs parents, professeurs, gardiennes,\u00a0 papy &amp; mamy,\u2026<\/p>\n","protected":false},"excerpt":{"rendered":"<p>Bonjour \u00e0 vous, &nbsp; Votre enfant a peur du dentiste, il se sent mal \u00e0 l\u2019id\u00e9e de changer d\u2019\u00e9cole, manque de confiance en lui ou encore se pense priv\u00e9 d\u2019amour \u00e0 l\u2019arriv\u00e9e d\u2019une petite s\u0153ur? Vous avez envie de l\u2019aider&#8230; <a class=\"more-link\" href=\"https:\/\/www.gnomedesmots.com\/\">Continue Reading &rarr;<\/a><\/p>\n","protected":false},"author":1,"featured_media":0,"parent":0,"menu_order":0,"comment_status":"open","ping_status":"open","template":"","meta":{"spay_email":""},"_links":{"self":[{"href":"https:\/\/www.gnomedesmots.com\/index.php\/wp-json\/wp\/v2\/pages\/43"}],"collection":[{"href":"https:\/\/www.gnomedesmots.com\/index.php\/wp-json\/wp\/v2\/pages"}],"about":[{"href":"https:\/\/www.gnomedesmots.com\/index.php\/wp-json\/wp\/v2\/types\/page"}],"author":[{"embeddable":true,"href":"https:\/\/www.gnomedesmots.com\/index.php\/wp-json\/wp\/v2\/users\/1"}],"replies":[{"embeddable":true,"href":"https:\/\/www.gnomedesmots.com\/index.php\/wp-json\/wp\/v2\/comments?post=43"}],"version-history":[{"count":0,"href":"https:\/\/www.gnomedesmots.com\/index.php\/wp-json\/wp\/v2\/pages\/43\/revisions"}],"wp:attachment":[{"href":"https:\/\/www.gnomedesmots.com\/index.php\/wp-json\/wp\/v2\/media?parent=43"}],"curies":[{"name":"wp","href":"https:\/\/api.w.org\/{rel}","templated":true}]}}