{"id":45,"date":"2014-07-20T19:04:07","date_gmt":"2014-07-20T19:04:07","guid":{"rendered":"http:\/\/gnomedesmots.wordpress.com\/?page_id=45"},"modified":"2014-07-20T19:04:07","modified_gmt":"2014-07-20T19:04:07","slug":"on-ne-dira-jamais-assez-preface","status":"publish","type":"page","link":"https:\/\/www.gnomedesmots.com\/index.php\/on-ne-dira-jamais-assez-preface\/","title":{"rendered":"On ne dira jamais assez &#8211; PREFACE"},"content":{"rendered":"<p><em>\u00ab\u00a0On ne dira jamais assez combien la parole et le geste d\u2019un papa et d\u2019une maman sont importants aux yeux de l\u2019enfant. Ceux-ci sont ses premiers r\u00e9f\u00e9rents. <\/em><\/p>\n<p><em>Si des parents ont ici fait la d\u00e9marche de s\u2019inqui\u00e9ter du bien-\u00eatre de leur enfant en consultant une th\u00e9rapeute (Lise en l\u2019occurrence), ils ont d\u00e9j\u00e0 fait un pas vers un monde qu\u2019ils avaient quelque peu oubli\u00e9\u00a0: celui des contes et le message qu\u2019ils v\u00e9hiculent<\/em><\/p>\n<p><em>Dans le monde du \u00ab\u00a0tout cuit dans le bec\u00a0\u00bb, nombreux parents trouvent tr\u00e8s pratique de confier leurs enfants \u00e0 la t\u00e9l\u00e9 (il y a m\u00eame des programmes destin\u00e9s aux b\u00e9b\u00e9s), \u00e0 des \u00e9ducateurs, des nounous, etc. Pour eux, il est normal que leur prog\u00e9niture ait plus de contacts avec le petit \u00e9cran qu\u2019avec eux. Certains poussent m\u00eame la commodit\u00e9 de leur installer la t\u00e9l\u00e9 dans la chambre. Ces petits s\u2019endorment donc avec une vision virtuelle et dangereuse du monde puisque non expliqu\u00e9e. Apr\u00e8s cela, on s\u2019\u00e9tonnera que des craintes s\u2019installent au plus profond d\u2019eux jusqu\u2019\u00e0 parfois se transformer en phobies.<\/em><\/p>\n<p><em>C\u2019est pourquoi, il est important de se donner la permission de prendre une demi-heure en soir\u00e9e (ou le peu de temps dont on dispose mais en tenant tout de m\u00eame compte de l\u2019interactivit\u00e9 du conte) avec l\u2019enfant tout propret, install\u00e9 confortablement et dispos\u00e9 \u00e0 entendre une jolie histoire\u2026 Pas n\u2019importe laquelle, celle qui lui parle, dans laquelle il peut facilement s\u2019identifier \u00e0 l\u2019un des personnages,\u00a0 \u00e0 une situation qu\u2019un enfant imaginaire vit comme lui\u2026 Il peut ensuite en discuter avec papa ou maman (ou mieux encore, les deux, quel bonheur pour tous\u00a0!). Les parents retrouvent ainsi leur vrai r\u00f4le et l\u2019enfant, qui sait qu\u2019ils ont une solution \u00e0 son probl\u00e8me, n\u2019h\u00e9sitera jamais \u00e0 les consulter\u2026 Probl\u00e8me qui, finalement s\u2019amoindrit jusqu\u2019\u00e0 dispara\u00eetre.<\/em><\/p>\n<p><em>Un livre donc \u00e0 utiliser sans mod\u00e9ration, \u00e9crit par une belle personne qui a r\u00e9fl\u00e9chi \u00e0 la probl\u00e9matique et qui, de surcro\u00eet,\u00a0 poss\u00e8de une tr\u00e8s jolie plume. J\u2019aime particuli\u00e8rement cette interactivit\u00e9 et la possibilit\u00e9 de noter le cheminement entrepris. Un v\u00e9ritable \u00ab\u00a0livre de vie\u00a0\u00bb \u00e0 ne pas oublier dans une biblioth\u00e8que.<\/em><\/p>\n<p><em>Bravo et merci \u00e0 Lise de m\u2019avoir fait l\u2019immense honneur de me confier l\u2019\u00e9criture de cette pr\u00e9face. <\/em><\/p>\n<p><em>Merci aussi pour chaque parent \u2018responsable\u2019 qui se procurera ce livre.\u00a0\u00bb<\/em><\/p>\n<p><em>Yvette H.<\/em><\/p>\n<p>Prix au concours d\u2019\u00e9criture du Printemps des biblioth\u00e8ques 2013 (organis\u00e9 par la Biblioth\u00e8que centrale de la Province de Hainaut et les biblioth\u00e8ques hainuy\u00e8res)<\/p>\n","protected":false},"excerpt":{"rendered":"<p>\u00ab\u00a0On ne dira jamais assez combien la parole et le geste d\u2019un papa et d\u2019une maman sont importants aux yeux de l\u2019enfant. Ceux-ci sont ses premiers r\u00e9f\u00e9rents. Si des parents ont ici fait la d\u00e9marche de s\u2019inqui\u00e9ter du bien-\u00eatre de&#8230; <a class=\"more-link\" href=\"https:\/\/www.gnomedesmots.com\/index.php\/on-ne-dira-jamais-assez-preface\/\">Continue Reading &rarr;<\/a><\/p>\n","protected":false},"author":1,"featured_media":0,"parent":0,"menu_order":0,"comment_status":"open","ping_status":"open","template":"","meta":{"spay_email":""},"_links":{"self":[{"href":"https:\/\/www.gnomedesmots.com\/index.php\/wp-json\/wp\/v2\/pages\/45"}],"collection":[{"href":"https:\/\/www.gnomedesmots.com\/index.php\/wp-json\/wp\/v2\/pages"}],"about":[{"href":"https:\/\/www.gnomedesmots.com\/index.php\/wp-json\/wp\/v2\/types\/page"}],"author":[{"embeddable":true,"href":"https:\/\/www.gnomedesmots.com\/index.php\/wp-json\/wp\/v2\/users\/1"}],"replies":[{"embeddable":true,"href":"https:\/\/www.gnomedesmots.com\/index.php\/wp-json\/wp\/v2\/comments?post=45"}],"version-history":[{"count":0,"href":"https:\/\/www.gnomedesmots.com\/index.php\/wp-json\/wp\/v2\/pages\/45\/revisions"}],"wp:attachment":[{"href":"https:\/\/www.gnomedesmots.com\/index.php\/wp-json\/wp\/v2\/media?parent=45"}],"curies":[{"name":"wp","href":"https:\/\/api.w.org\/{rel}","templated":true}]}}