{"id":6,"date":"2014-07-20T12:40:42","date_gmt":"2014-07-20T12:40:42","guid":{"rendered":"http:\/\/gnomedesmots.wordpress.com\/?page_id=1"},"modified":"2024-09-16T09:27:22","modified_gmt":"2024-09-16T07:27:22","slug":"about","status":"publish","type":"page","link":"https:\/\/www.gnomedesmots.com\/index.php\/about\/","title":{"rendered":"Qui se cache derri\u00e8re ces sophro-contes?"},"content":{"rendered":"<p><em>&lsquo;Le monde du voyage est un monde fabuleux, programmant rencontre sur rencontre, souvenir sur souvenir, d\u00e9couverte sur d\u00e9couverte. <\/em><\/p>\n<p><em>Gestionnaire touristique de formation, j\u2019ai toujours aim\u00e9 voyager et \u00eatre proche des gens. Plus particuli\u00e8rement des enfants. J\u2019aime leur compagnie pour leur gaiet\u00e9, leur \u00e9nergie et leur naturel. Un rien les \u00e9merveille. Coutumi\u00e8re des rem\u00e8des naturels et des m\u00e9decines douces depuis ma petite enfance, j\u2019ai d\u00e9couvert en grandissant que l\u2019imaginaire et l\u2019inconscient peuvent \u00eatre stimul\u00e9s de diverses mani\u00e8res et m\u00e9thodes.<\/em><\/p>\n<p><em>\u00ab\u00a0Gr\u00e2ce aux contes, embarquez pour un voyage au c\u0153ur de l\u2019imaginaire,\u2026\u00a0<\/em><em>P\u00e9n\u00e9trez dans le royaume de l\u2019inconscient,\u2026<\/em><em>Osez ressentir,\u2026<\/em><em>Et revenez-en grandi\u00a0!\u00a0\u00bb \u00a0<\/em>Lise Larbalestrier<\/p>\n<p><img loading=\"lazy\" class=\"alignnone size-full wp-image-865\" src=\"https:\/\/gnomedesmots.files.wordpress.com\/2014\/07\/ambassadrice-melle-sc3a9raphinec2ae-4.png\" alt=\"Ambassadrice Melle S\u00e9raphine\u00ae (4)\" width=\"940\" height=\"788\" \/><\/p>\n<ul>\n<li><em>Qui suis-je\u00a0? <\/em><\/li>\n<\/ul>\n<p><em>Je m\u2019appelle Lise Larbalestrier, j\u2019ai 38 ans et je vis \u00e0 Braine-le-Comte<\/em><\/p>\n<p><em>Mes aptitudes sont les suivantes\u00a0:<\/em><\/p>\n<ul>\n<li><em>Sophrologue <\/em><\/li>\n<li><em>R\u00e9flexologue plantaire certifi\u00e9e par la Communaut\u00e9 Fran\u00e7aise.<\/em><\/li>\n<li><em>Praticienne en Ayurv\u00e9da (art de vivre et massoth\u00e9rapie). <\/em><\/li>\n<li><em>Ma\u00eetre Reiki Usui &amp; Maitre Enseignant Ma Heo O<\/em><\/li>\n<li><em>Coach de vie<\/em><\/li>\n<li><em>Auteure (Sophro-contes pour enfants\/ados\/maternit\u00e9 &amp; depuis peu pour adultes \u2013 d\u00e9veloppement personnel)<\/em><\/li>\n<li><em>Chef de projet et r\u00e9dactrice de La pause zen\u00ae (ebook mensuel gratuit)<\/em><\/li>\n<li><em>Journaliste<\/em><\/li>\n<li><em>Communication &amp; Community Manager<\/em><\/li>\n<li><em>Professeur au Centre de Formation \u00e0 Distance (Coaching Positif &amp; Techniques d\u2019animations coaching)<\/em><\/li>\n<li><em>Et maman\u00a0<\/em><em>J<\/em><\/li>\n<\/ul>\n<p><em>\u00a0<\/em><\/p>\n<ul>\n<li><em>Ma carri\u00e8re en bref<\/em><\/li>\n<\/ul>\n<p><em>Melle S\u00e9raphine\u00ae (le cabinet) a ouvert ses portes en f\u00e9vrier 2012. <\/em><\/p>\n<p><em><strong>Melle S\u00e9raphine \u00ae<\/strong> se d\u00e9cline autour de trois grands axes\u00a0: <strong>les s\u00e9ances individuelles<\/strong> (coaching, sophrologie, Reiki, \u2026), <strong>les s\u00e9ances collectives<\/strong> (animation de modules de r\u00e9insertion socioprofessionnelle &#8211; consulting) et autour <strong>des supports de d\u00e9veloppement personnel<\/strong> (aussi bien pour les adultes que pour les enfants).<\/em><\/p>\n<p><em>Depuis peu, je mets mon expertise au service des entreprises, des petites et moyennes entreprises afin d\u2019installer une <strong>charte bien-\u00eatre<\/strong> entre le personnel et l\u2019employeur. Je forme \u00e9galement le personnel enseignant \u00e0 l\u2019utilisation des <strong>contes th\u00e9rapeutiques<\/strong> et de la sophrologie au sein de leur structure d\u2019accueil.<\/em><\/p>\n<p><em>Tout a commenc\u00e9 par la <strong>sophrologie<\/strong>. Grande envie de pouvoir sortir du stress et des exigences de la vie quotidienne par moi-m\u00eame. Je me rends compte en \u00e9crivant ces quelques lignes que chaque technique apprise (d\u2019abord pour moi, ensuite pour aider les autres) a \u00e9t\u00e9 sur le moment \u00ab\u00a0la r\u00e9v\u00e9lation\u00a0\u00bb, la chose qu\u2019il me fallait savoir et ma\u00eetriser\u00a0pour avancer.<\/em><\/p>\n<p><em>Ensuite, j\u2019ai d\u00e9couvert plusieurs types de<strong> r\u00e9flexologies<\/strong> (plantaire, palmaire, auriculaire, am\u00e9rindienne, cr\u00e2nienne, \u2026) mais ce n\u2019\u00e9tait pas encore assez.<\/em><\/p>\n<p><em>Je ne me sentais pas compl\u00e8te.<\/em><\/p>\n<p><em>L\u2019<strong>Ayurv\u00e9da<\/strong> est arriv\u00e9 par la suite. Form\u00e9e \u00e0 la sophrologie, \u00e0 plusieurs types de r\u00e9flexologie, il me manquait encore quelque chose\u00a0: apprendre \u00e0 prendre soin de moi pour apprendre \u00e0 prendre soin des autres.<\/em><\/p>\n<p><em>La p\u00e9riode d\u2019\u00e9tude de l\u2019Ayurv\u00e9da a \u00e9t\u00e9 pour moi une p\u00e9riode savoureuse, tant au niveau de l\u2019art de la table et de la cuisine, qu\u2019au niveau de la rencontre de l\u2019autre (par le toucher notamment). On dit que pour pratiquer l\u2019Ayurv\u00e9da il faut \u00e9galement connaitre l\u2019art de vivre, c\u2019est exact. <\/em><\/p>\n<p><em>Par la pratique des massages, j\u2019ai am\u00e9lior\u00e9 ma relation aux autres et en les recevant, ma relation \u00e0 moi-m\u00eame. Par l\u2019exp\u00e9rimentation de la cuisine et des \u00e9pices, j\u2019ai d\u00e9couvert un univers culinaire cr\u00e9atif.<\/em><\/p>\n<p><em>Enfin, en suivant les enseignements, <strong>j\u2019ai appris \u00e0 \u00eatre moi-m\u00eame.<\/strong><\/em><\/p>\n<p><em>Je me suis form\u00e9e \u00e0 l\u2019utilisation des <strong>huiles essentielles<\/strong>, des <strong>fleurs de Bach<\/strong>, des <strong>cristaux de soins<\/strong> et des<strong> mantras<\/strong> pour parfaire cette formation.<\/em><\/p>\n<p><em>Comme vous avez pu le constater, chaque formation est un enseignement pour moi. J\u2019en tire le meilleur et le transmets du mieux possible \u00e0 mon entourage et ma client\u00e8le.<\/em><\/p>\n<p><em>Dans ce but, je continue \u00e0 revoir et \u00e0 diriger <strong>Melle S\u00e9raphine\u00ae vers un \u00ab\u00a0mieux\u00a0\u00bb<\/strong>.<\/em><\/p>\n<p><em><strong>En 2016,<\/strong> ce \u00ab\u00a0mieux\u00a0\u00bb s\u2019est ax\u00e9 autour de l\u2019arriv\u00e9e de ma fille, Iris\u00a0: belles surprises et de gros changements.<\/em><\/p>\n<p><em>Je suis \u00e9galement devenue <strong>Journaliste (web<\/strong> principalement et orient\u00e9e Bien-\u00eatre et d\u00e9veloppement personnel)<\/em><\/p>\n<p><em><strong>En 2017,<\/strong> je me suis sentie pouss\u00e9e par l\u2019envie de cr\u00e9er de plus en plus de <strong>supports de d\u00e9veloppement personnel<\/strong> et d\u2019exprimer ma propre voix en exposant mes <strong>illustrations<\/strong>. C\u2019est ce qui a donn\u00e9 jour \u00e0 <strong>MelleS\u00e9raphineEshop<\/strong>, le Marketplace ou la boutique en ligne si vous pr\u00e9f\u00e9rez, ainsi qu\u2019\u00e0 divers nouveaux outils comme les puzzles et les agendas.<\/em><\/p>\n<p><em>En 2018, je creuse encore la diversit\u00e9 d\u2019un cran\u00a0: en cr\u00e9ant <strong>le premier jeu de cartes<\/strong> qui viendra compl\u00e9ter \u00e0 merveille les cours de<strong> Coaching positif<\/strong> et <strong>Techniques d\u2019animations coaching <\/strong>(dont je suis cr\u00e9atrice et gestionnaire)<strong>.<\/strong><\/em><\/p>\n<p><em>\u00a0<\/em>Visitez aussi : <a href=\"http:\/\/www.eveiletvouseditions.com\">http:\/\/www.evartcademie.com<\/a><\/p>\n<p>Le site internet : <a href=\"http:\/\/www.melleseraphine.net\">www.melleseraphine.net<\/a><\/p>\n<p>et la page des contes sur facebook:\u00a0<a href=\"https:\/\/www.facebook.com\/pages\/Contes-th%C3%A9rapeutiques-pour-enfants-et-ados-livres\/596144910467197?ref=hl\">https:\/\/www.facebook.com\/pages\/Contes-th%C3%A9rapeutiques-pour-enfants-et-ados-livres\/596144910467197?ref=hl<\/a><\/p>\n<p>Le guide des contes est \u00e9galement disponible dans l&rsquo;onglet \u00ab\u00a0dossier de presse\u00a0\u00bb de ce blog, pour vous aider \u00e0 faire votre choix parmi les ouvrages d\u00e9j\u00e0 publi\u00e9s.<\/p>\n<p>Lise<\/p>\n<p>POUR ME CONTACTER:<\/p>\n<div id='contact-form-6'>\n<form action='https:\/\/www.gnomedesmots.com\/index.php\/about\/#contact-form-6' method='post' class='contact-form commentsblock'>\n\n<div class='grunion-field-wrap grunion-field-name-wrap'  >\n<label\n\t\t\t\tfor='g6-nom'\n\t\t\t\tclass='grunion-field-label name'\n\t\t\t\t>Nom<span>(obligatoire)<\/span><\/label>\n<input\n\t\t\t\t\ttype='text'\n\t\t\t\t\tname='g6-nom'\n\t\t\t\t\tid='g6-nom'\n\t\t\t\t\tvalue=''\n\t\t\t\t\tclass='name' \n\t\t\t\t\trequired aria-required='true'\n\t\t\t\t\/>\n\t<\/div>\n\n<div class='grunion-field-wrap grunion-field-email-wrap'  >\n<label\n\t\t\t\tfor='g6-email'\n\t\t\t\tclass='grunion-field-label email'\n\t\t\t\t>Email<span>(obligatoire)<\/span><\/label>\n<input\n\t\t\t\t\ttype='email'\n\t\t\t\t\tname='g6-email'\n\t\t\t\t\tid='g6-email'\n\t\t\t\t\tvalue=''\n\t\t\t\t\tclass='email' \n\t\t\t\t\trequired aria-required='true'\n\t\t\t\t\/>\n\t<\/div>\n\n<div class='grunion-field-wrap grunion-field-url-wrap'  >\n<label\n\t\t\t\tfor='g6-siteweb'\n\t\t\t\tclass='grunion-field-label url'\n\t\t\t\t>Site Web<\/label>\n<input\n\t\t\t\t\ttype='url'\n\t\t\t\t\tname='g6-siteweb'\n\t\t\t\t\tid='g6-siteweb'\n\t\t\t\t\tvalue=''\n\t\t\t\t\tclass='url' \n\t\t\t\t\t\n\t\t\t\t\/>\n\t<\/div>\n\n<div class='grunion-field-wrap grunion-field-textarea-wrap'  >\n<label\n\t\t\t\tfor='contact-form-comment-g6-commentaire'\n\t\t\t\tclass='grunion-field-label textarea'\n\t\t\t\t>Commentaire<span>(obligatoire)<\/span><\/label>\n<textarea\n\t\t                name='g6-commentaire'\n\t\t                id='contact-form-comment-g6-commentaire'\n\t\t                rows='20' class='textarea'  required aria-required='true'><\/textarea>\n\t<\/div>\n\t<p class='contact-submit'>\n\t\t<button type='submit' class='pushbutton-wide'>Envoyer<\/button>\t\t<input type='hidden' name='contact-form-id' value='6' \/>\n\t\t<input type='hidden' name='action' value='grunion-contact-form' \/>\n\t\t<input type='hidden' name='contact-form-hash' value='1326bd88b2c889ff26cba2bef98b109c132952d7' \/>\n\t<\/p>\n<\/form>\n<\/div>\n","protected":false},"excerpt":{"rendered":"<p>&lsquo;Le monde du voyage est un monde fabuleux, programmant rencontre sur rencontre, souvenir sur souvenir, d\u00e9couverte sur d\u00e9couverte. Gestionnaire touristique de formation, j\u2019ai toujours aim\u00e9 voyager et \u00eatre proche des gens. Plus particuli\u00e8rement des enfants. J\u2019aime leur compagnie pour leur&#8230; <a class=\"more-link\" href=\"https:\/\/www.gnomedesmots.com\/index.php\/about\/\">Continue Reading &rarr;<\/a><\/p>\n","protected":false},"author":1,"featured_media":0,"parent":0,"menu_order":0,"comment_status":"open","ping_status":"closed","template":"","meta":{"spay_email":""},"_links":{"self":[{"href":"https:\/\/www.gnomedesmots.com\/index.php\/wp-json\/wp\/v2\/pages\/6"}],"collection":[{"href":"https:\/\/www.gnomedesmots.com\/index.php\/wp-json\/wp\/v2\/pages"}],"about":[{"href":"https:\/\/www.gnomedesmots.com\/index.php\/wp-json\/wp\/v2\/types\/page"}],"author":[{"embeddable":true,"href":"https:\/\/www.gnomedesmots.com\/index.php\/wp-json\/wp\/v2\/users\/1"}],"replies":[{"embeddable":true,"href":"https:\/\/www.gnomedesmots.com\/index.php\/wp-json\/wp\/v2\/comments?post=6"}],"version-history":[{"count":2,"href":"https:\/\/www.gnomedesmots.com\/index.php\/wp-json\/wp\/v2\/pages\/6\/revisions"}],"predecessor-version":[{"id":5077,"href":"https:\/\/www.gnomedesmots.com\/index.php\/wp-json\/wp\/v2\/pages\/6\/revisions\/5077"}],"wp:attachment":[{"href":"https:\/\/www.gnomedesmots.com\/index.php\/wp-json\/wp\/v2\/media?parent=6"}],"curies":[{"name":"wp","href":"https:\/\/api.w.org\/{rel}","templated":true}]}}